{"id":9,"date":"2014-03-14T07:50:06","date_gmt":"2014-03-14T07:50:06","guid":{"rendered":"http:\/\/hightravelscycling.wordpress.com\/?page_id=9"},"modified":"2016-03-03T22:09:56","modified_gmt":"2016-03-03T22:09:56","slug":"o-mnie","status":"publish","type":"page","link":"http:\/\/skandynawia.damiandrobyk.pl\/?page_id=9","title":{"rendered":"O mnie"},"content":{"rendered":"<p><span style=\"color: #000000;\"><big><big>Damian Drobyk<br \/>\n<\/big><\/big><\/span><\/p>\n<p><span style=\"color: #000000;\">Dalekie podr\u00f3\u017ce po najwy\u017cszych drogach \u015bwiata to od kilku lat moja wielka pasja. Z roku na rok udaje mi si\u0119 odwiedzi\u0107 nowe kraje, zdoby\u0107 wysokie prze\u0142\u0119cze i pozna\u0107 ciekawych ludzi. Ka\u017cda moja wyprawa ma cel kt\u00f3rym z regu\u0142y jest co\u015b najwy\u017cszego, najtrudniejszego i najpi\u0119kniejszego.<\/span><\/p>\n<p><span style=\"color: #000000;\">Przejecha\u0142em ju\u017c mi\u0119dzy innymi najwy\u017csze drogi i prze\u0142\u0119cze<strong> Himalaj\u00f3w, Alp, <\/strong><strong><strong>Kordylier\u00f3w, G\u00f3r Skalistych, Pirenej\u00f3w, <\/strong>Karpat, Apenin, Ba\u0142kan, Grampian, G\u00f3r Harz i Masywu Czeskiego <\/strong>a teraz tak\u017ce i<strong> G\u00f3r Skandynawskich. <\/strong><\/span><\/p>\n<p>&nbsp;<\/p>\n<p><span style=\"color: #000000;\"><strong><a style=\"color: #000000;\" href=\"http:\/\/www.DamianDrobyk.pl\">www.DamianDrobyk.pl<\/a><\/strong><\/span><\/p>\n\n\t\t<style type=\"text\/css\">\n\t\t\t#gallery-1 {\n\t\t\t\tmargin: auto;\n\t\t\t}\n\t\t\t#gallery-1 .gallery-item {\n\t\t\t\tfloat: left;\n\t\t\t\tmargin-top: 10px;\n\t\t\t\ttext-align: center;\n\t\t\t\twidth: 25%;\n\t\t\t}\n\t\t\t#gallery-1 img {\n\t\t\t\tborder: 2px solid #cfcfcf;\n\t\t\t}\n\t\t\t#gallery-1 .gallery-caption {\n\t\t\t\tmargin-left: 0;\n\t\t\t}\n\t\t\t\/* see gallery_shortcode() in wp-includes\/media.php *\/\n\t\t<\/style>\n\t\t<div id='gallery-1' class='gallery galleryid-9 gallery-columns-4 gallery-size-thumbnail'><dl class='gallery-item'>\n\t\t\t<dt class='gallery-icon landscape'>\n\t\t\t\t<a href='http:\/\/dd.jelenia.pl\/wp-content\/uploads\/2014\/03\/img_3925.jpg'><img loading=\"lazy\" decoding=\"async\" width=\"150\" height=\"150\" src=\"http:\/\/dd.jelenia.pl\/wp-content\/uploads\/2014\/03\/img_3925-150x150.jpg\" class=\"attachment-thumbnail size-thumbnail\" alt=\"\" \/><\/a>\n\t\t\t<\/dt><\/dl><dl class='gallery-item'>\n\t\t\t<dt class='gallery-icon landscape'>\n\t\t\t\t<a href='http:\/\/dd.jelenia.pl\/wp-content\/uploads\/2014\/03\/iseran.jpg'><img loading=\"lazy\" decoding=\"async\" width=\"150\" height=\"150\" src=\"http:\/\/dd.jelenia.pl\/wp-content\/uploads\/2014\/03\/iseran-150x150.jpg\" class=\"attachment-thumbnail size-thumbnail\" alt=\"\" \/><\/a>\n\t\t\t<\/dt><\/dl><dl class='gallery-item'>\n\t\t\t<dt class='gallery-icon landscape'>\n\t\t\t\t<a href='http:\/\/dd.jelenia.pl\/wp-content\/uploads\/2014\/03\/img_4719.jpg'><img loading=\"lazy\" decoding=\"async\" width=\"150\" height=\"150\" src=\"http:\/\/dd.jelenia.pl\/wp-content\/uploads\/2014\/03\/img_4719-150x150.jpg\" class=\"attachment-thumbnail size-thumbnail\" alt=\"\" \/><\/a>\n\t\t\t<\/dt><\/dl><dl class='gallery-item'>\n\t\t\t<dt class='gallery-icon landscape'>\n\t\t\t\t<a href='http:\/\/dd.jelenia.pl\/wp-content\/uploads\/2014\/03\/img_39251.jpg'><img loading=\"lazy\" decoding=\"async\" width=\"150\" height=\"150\" src=\"http:\/\/dd.jelenia.pl\/wp-content\/uploads\/2014\/03\/img_39251-150x150.jpg\" class=\"attachment-thumbnail size-thumbnail\" alt=\"\" \/><\/a>\n\t\t\t<\/dt><\/dl><br style=\"clear: both\" \/>\n\t\t<\/div>\n\n<p>&nbsp;<\/p>\n","protected":false},"excerpt":{"rendered":"<p>Damian Drobyk Dalekie podr\u00f3\u017ce po najwy\u017cszych drogach \u015bwiata to od kilku lat moja wielka pasja. Z roku na rok udaje mi si\u0119 odwiedzi\u0107 nowe kraje, zdoby\u0107 wysokie prze\u0142\u0119cze i pozna\u0107 ciekawych ludzi. Ka\u017cda moja wyprawa ma cel kt\u00f3rym z regu\u0142y jest co\u015b najwy\u017cszego, najtrudniejszego i najpi\u0119kniejszego. Przejecha\u0142em ju\u017c mi\u0119dzy innymi najwy\u017csze drogi i prze\u0142\u0119cze Himalaj\u00f3w, [&hellip;]<\/p>\n","protected":false},"author":2,"featured_media":0,"parent":0,"menu_order":0,"comment_status":"closed","ping_status":"closed","template":"","meta":{"footnotes":""},"class_list":["post-9","page","type-page","status-publish","hentry"],"_links":{"self":[{"href":"http:\/\/skandynawia.damiandrobyk.pl\/index.php?rest_route=\/wp\/v2\/pages\/9","targetHints":{"allow":["GET"]}}],"collection":[{"href":"http:\/\/skandynawia.damiandrobyk.pl\/index.php?rest_route=\/wp\/v2\/pages"}],"about":[{"href":"http:\/\/skandynawia.damiandrobyk.pl\/index.php?rest_route=\/wp\/v2\/types\/page"}],"author":[{"embeddable":true,"href":"http:\/\/skandynawia.damiandrobyk.pl\/index.php?rest_route=\/wp\/v2\/users\/2"}],"replies":[{"embeddable":true,"href":"http:\/\/skandynawia.damiandrobyk.pl\/index.php?rest_route=%2Fwp%2Fv2%2Fcomments&post=9"}],"version-history":[{"count":7,"href":"http:\/\/skandynawia.damiandrobyk.pl\/index.php?rest_route=\/wp\/v2\/pages\/9\/revisions"}],"predecessor-version":[{"id":1093,"href":"http:\/\/skandynawia.damiandrobyk.pl\/index.php?rest_route=\/wp\/v2\/pages\/9\/revisions\/1093"}],"wp:attachment":[{"href":"http:\/\/skandynawia.damiandrobyk.pl\/index.php?rest_route=%2Fwp%2Fv2%2Fmedia&parent=9"}],"curies":[{"name":"wp","href":"https:\/\/api.w.org\/{rel}","templated":true}]}}