{"id":8,"date":"2014-03-14T07:49:36","date_gmt":"2014-03-14T07:49:36","guid":{"rendered":"http:\/\/hightravelscycling.wordpress.com\/?page_id=7"},"modified":"2016-03-03T22:13:27","modified_gmt":"2016-03-03T22:13:27","slug":"przygotowania","status":"publish","type":"page","link":"http:\/\/skandynawia.damiandrobyk.pl\/?page_id=8","title":{"rendered":"Trasa i cele"},"content":{"rendered":"<p style=\"text-align: justify;\"><span style=\"color: #000000;\"><strong><span class=\"style46\"><span class=\"style54\">Skandynawia 2014<\/span><\/span><\/strong><\/span><\/p>\n<p style=\"text-align: left;\"><span style=\"color: #000000;\"><span class=\"style46\"> <span class=\"style55\">Skandynawia 2014 to samotna ekspedycja polegaj\u0105ca na po\u0142\u0105czeniu klasycznej wyprawy rowerowej ze zdobywaniem najwy\u017cszych wzniesie\u0144 i szczyt\u00f3w Bia\u0142orusi, Litwy, \u0141otwy, Estonii, Finlandii, Szwecji, Norwegii oraz Danii. Szczyty nale\u017c\u0105 do Korony Europy<\/span><\/span><span class=\"style36\"><span class=\"style46\"><br \/>\n<\/span> <span class=\"style40\"><br \/>\nTermin wyprawy : <\/span><\/span> <span class=\"style46\"><span class=\"style53\"><strong>czerwiec, lipiec, sierpie\u0144 2014<\/strong><br \/>\n<\/span><br \/>\n<\/span><strong> <span class=\"style53\"> 8000km, 9 kraj\u00f3w, 8 szczyt\u00f3w, Nordkapp<\/span><\/strong><\/span><\/p>\n<p style=\"text-align: left;\"><span style=\"color: #000000;\"><strong><span class=\"style40\"><span class=\"style53\"><br \/>\nLublin, Warszawa, Mi\u0144sk, Wilno, Tallin, Helsinki, Rovaniemi, Kiruna, Trondheim, Molde, Oslo, Goeteborg, Kopenhaga, Rostock<br \/>\n<\/span><\/span><\/strong><\/span><\/p>\n<p style=\"text-align: justify;\"><span class=\"style56\" style=\"color: #000000;\">Startuje dosy\u0107 nietypowo, z <strong>Lublina<\/strong>. Polska wschodnia to wci\u0105\u017c ma\u0142o ucz\u0119szczane przeze mnie rejony. Planuj\u0119 przejazd przez <strong>Kazimierz nad Wis\u0142\u0105<\/strong>, wie\u015b <strong>Damian\u00f3w<\/strong>, chwilowy post\u00f3j w stolicy a na po\u017cegnanie z Polsk\u0105 zwiedzanie Bia\u0142owieskiego Parku Narodowego. Dalsza trasa prowadzi przez najwy\u017csze wzniesienia Bia\u0142orusi, Litwy, \u0141otwy i Estonii. Z Tallina do Helsinek czeka mnie przeprawa promowa. Przed Finlandi\u0119 przejad\u0119 jak po linii na p\u00f3\u0142noc a\u017c do Przyl\u0105dka P\u00f3\u0142nocnego <strong>Nordkapp<\/strong> po drodze zwiedzaj\u0105c miasto Rovaniemi i mijaj\u0105c ko\u0142o podbiegunowe. Po zdobyciu <strong>Nordkapp<\/strong> skieruj\u0119 si\u0119 na po\u0142udniowy zach\u00f3d wchodz\u0105c na najwy\u017csze szczyty Finlandii i Szwecji. Dalej zamierzam wjecha\u0107 na najwy\u017csz\u0105 drog\u0119 <strong>Juvasshytta<\/strong> 1846m.npm oraz wej\u015b\u0107 na szczyt \u2013 <strong>Galdhopiggen<\/strong> 2469m.npm, najwy\u017csz\u0105 g\u00f3r\u0119 Norwegii i ca\u0142ej Skandynawii. W Norwegii czekaj\u0105 mnie r\u00f3wnie\u017c inne ciekawe atrakcje jak najbardziej znana i kr\u0119ta droga zwana \u201eDrabin\u0105 Troli\u201d \u2013 <strong>Trollstigen<\/strong> czy klif <strong>Preikestolen<\/strong> si\u0119gaj\u0105cy ponad 600m ponad fiordem <strong>Lysefjord<\/strong>. Z Goteborga z Szwecji promem przep\u0142yn\u0119 do du\u0144skiego miasta Frederikshavn. Kieruj\u0105c si\u0119 na po\u0142udnie odwiedz\u0119 <strong>Kopenhag\u0119<\/strong>. Du\u0144ska stolica znana jest przecie\u017c z najlepszych dr\u00f3g rowerowych na \u015bwiecie.<br \/>\n<\/span><\/p>\n<p style=\"text-align: justify;\"><span style=\"color: #000000;\">W Norwegii w regionie Oppoland znajduje si\u0119 miasteczko <strong>Vang<\/strong> nad jeziorem o tej samej nazwie. To w\u0142a\u015bnie z tego miejsca zosta\u0142 przeniesiony drewniany ko\u015bci\u00f3\u0142ek <strong>Vang<\/strong> kt\u00f3ry obecnie stoi w Karpaczu. Oczywi\u015bcie wiosk\u0119 <strong>Vang<\/strong> r\u00f3wnie\u017c odwiedz\u0119.<\/span><\/p>\n<p style=\"text-align: justify;\"><span style=\"color: #000000;\">Przejad\u0119 te\u017c przez dwa miasta partnerskie Jeleniej G\u00f3ry czyli mojego miasta rodzinnego. <strong>Valkeakoski<\/strong> w Finlandii oraz <strong>Randers<\/strong> w Danii.<\/span><\/p>\n<p style=\"text-align: justify;\"><span style=\"color: #000000;\">Na ca\u0142ej trasie jest kilka spornych miejsc. Na przyk\u0142ad <strong>Nordkapp<\/strong> wcale nie jest najbardziej wysuni\u0119tym przyl\u0105dkiem na p\u00f3\u0142noc. W Finlandii najwy\u017cszym punktem kraju wcale nie jest szczyt a zbocze g\u00f3ry <strong>Haltiatunturi<\/strong> kt\u00f3rej wierzcho\u0142ek le\u017cy w Norwegii. Na Litwie oraz w Danii r\u00f3\u017cnice pomi\u0119dzy najwy\u017cszymi wzg\u00f3rzami to nieca\u0142y metr wi\u0119c postanowi\u0142em \u201ezaliczy\u0107\u201d trzy pierwsze wzniesienia tych pa\u0144stw szczeg\u00f3lnie,\u00a0 \u017ce le\u017c\u0105 w bardzo bliskiej odleg\u0142o\u015bci wzgl\u0119dem siebie.<\/span><\/p>\n<p style=\"text-align: justify;\"><span style=\"color: #000000;\">Jako ciekawostk\u0119 dodam jeszcze pomys\u0142 odwiedzenia wszystkich polskich wiosek kt\u00f3re w nazwie maj\u0105 moje imi\u0119. Trzy z nich ju\u017c zwiedzi\u0142em. S\u0105 to <strong>Damianowo, Damianowice<\/strong> (Woj. Dolno\u015bl\u0105skie) i <strong>Damiany<\/strong> (Woj. \u015awi\u0119tokrzyskie).<\/span><br \/>\n<span style=\"color: #000000;\"> Kolejna wioska znajduje si\u0119 w Wojew\u00f3dztwie Mazowieckim i jest to <strong>Damian\u00f3w.<\/strong><\/span><\/p>\n<p>&nbsp;<\/p>\n<p style=\"text-align: left;\"><span style=\"color: #000000;\"><span class=\"style54\"><strong>Cele wyprawy:<\/strong><\/span><span class=\"style51\"><br \/>\n<\/span> <span class=\"style40\"><br \/>\n&#8211; <strong>Bia\u0142owieski Park Narodowy<\/strong><\/span><\/span><\/p>\n<p style=\"text-align: justify;\"><span style=\"color: #000000;\">&#8211; Bia\u0142oru\u015b &#8211; najwy\u017cszy punkt Bia\u0142orusi &#8211; <strong>Gora Dzerzhinskaya<\/strong> &#8211; 345m.npm<\/span><br \/>\n<span style=\"color: #000000;\"> &#8211; Estonia &#8211; najwy\u017csze wzniesienie Estonii &#8211; <strong>Suur Munam\u00e4gi<\/strong> &#8211; 318m.npm<\/span><br \/>\n<span style=\"color: #000000;\"> &#8211; \u0141otwa &#8211; najwy\u017csze wzniesienie \u0141otwy &#8211; <strong>Gaizikalns<\/strong> &#8211; 311m.npm<\/span><br \/>\n<span style=\"color: #000000;\"> &#8211; Litwa &#8211; najwy\u017csze wzniesienia Litwy &#8211; <strong>Auk\u0161tasis K\u00e1lnas \/ Juozapin\u0117s Kalnas<\/strong> &#8211; 294m.npm<\/span><\/p>\n<p style=\"text-align: justify;\"><span style=\"color: #000000;\">&#8211; najwy\u017cszy szczyt Norwegii i ca\u0142ej Skandynawii &#8211; <strong>Galdhopiggen<\/strong> 2469m.npm<\/span><br \/>\n<span style=\"color: #000000;\"> &#8211; najwy\u017cszy szczyt Szwecji &#8211; <strong>Kebnekaise<\/strong> 2117m.npm<\/span><br \/>\n<span style=\"color: #000000;\"> &#8211; najwy\u017cszy punkt Finlandii &#8211; <strong>Halti H\u00e1ldi <\/strong>1328m.npm<\/span><br \/>\n<span style=\"color: #000000;\"> &#8211; najwy\u017cszy szczyt Finlandii &#8211; <strong>Ridnitsohkka<\/strong> 1317m.npm<\/span><br \/>\n<span style=\"color: #000000;\"> &#8211; najwy\u017csze punkty Danii &#8211; <strong>Yding Skovhoj<\/strong> 172,5m.npm, <strong>M\u00f8lleh\u00f8j <\/strong>170m, <strong>Ejer Bavnehoj<\/strong> 170m<\/span><\/p>\n<p style=\"text-align: justify;\"><span style=\"color: #000000;\">&#8211; <strong>Przyl\u0105dek Nordkapp<\/strong> (North Cape) &#8211; oraz Knivskjellodden<\/span><br \/>\n<span style=\"color: #000000;\"> (najbardziej na p\u00f3\u0142noc wysuni\u0119te miejsca w Europie w kole podbiegunowym)<\/span><br \/>\n<span style=\"color: #000000;\"> &#8211; <strong>Drabina<\/strong> <strong>Troli<\/strong> &#8211; najbardziej znana i kr\u0119ta droga Skandynawii<\/span><br \/>\n<span style=\"color: #000000;\"> &#8211; najwy\u017cszy podjazd Skandynawii &#8211; <strong>Juvasshytta<\/strong> 1846m.npm<\/span><\/p>\n<p style=\"text-align: justify;\"><span style=\"color: #000000;\"><a style=\"color: #000000;\" href=\"http:\/\/dd.jelenia.pl\/wp-content\/uploads\/2014\/03\/mapa1.jpg\"><img loading=\"lazy\" decoding=\"async\" class=\"alignnone size-full wp-image-579\" src=\"http:\/\/dd.jelenia.pl\/wp-content\/uploads\/2014\/03\/mapa1.jpg\" alt=\"mapa1\" width=\"513\" height=\"840\" srcset=\"http:\/\/dd.jelenia.pl\/wp-content\/uploads\/2014\/03\/mapa1.jpg 513w, http:\/\/dd.jelenia.pl\/wp-content\/uploads\/2014\/03\/mapa1-183x300.jpg 183w\" sizes=\"auto, (max-width: 513px) 100vw, 513px\" \/><\/a><\/span><\/p>\n<p style=\"text-align: justify;\"><span class=\"style40\" style=\"color: #000000;\">Przy granicy z Bia\u0142orusi\u0105 znajduj\u0105 si\u0119 dwa najwy\u017csze wzg\u00f3rza na Litwie \u2013 <strong>J\u00f3zefowa<\/strong> <strong>G\u00f3ra<\/strong> (lit. Juozapin\u0117s kalnas) o wysoko\u015bci 292,7m npm. i <strong>Wysoka<\/strong> <strong>G\u00f3ra<\/strong> (lit. Auk\u0161t\u00e0sis k\u00e1lnas) 293,84m npm.<\/span><\/p>\n<p style=\"text-align: justify;\"><span style=\"color: #000000;\"><strong>Haltiatunturi<\/strong> lub Halti (lap. H\u00e1ldi\u010dohkka) &#8211; najwy\u017cszy punkt (1328 m) Finlandii. G\u00f3ra ma w rzeczywisto\u015bci 1365 m wysoko\u015bci, ale jej szczyt znajduje si\u0119 ju\u017c za granic\u0105, w Norwegii (gdzie nazywany jest R\u00e1isduattarh\u00e1ldi). Najwy\u017cszym szczytem (ale nie punktem) Finlandii jest Ridnitsohkka, o wysoko\u015bci 1316 m oko\u0142o 3km od Haltiatunturi .<\/span><\/p>\n<p style=\"text-align: justify;\"><span style=\"color: #000000;\"><strong>Yding<\/strong> <strong>Skovh\u00f8j<\/strong> \u2013 najwy\u017cszy oficjalnie uznany punkt Danii. Znajduje si\u0119 na wysoko\u015bci 172,54 m n.p.m., je\u015bli liczy\u0107 go razem z kurhanem nagrobnym z epoki br\u0105zu. Wysoko\u015b\u0107 samego wzg\u00f3rza, bez kurhanu, wynosi 170,77 m n.p.m. Najwy\u017cszym naturalnym wzniesieniem jest M\u00f8lleh\u00f8j (170,86 m n.p.m.).<\/span><\/p>\n<p style=\"text-align: justify;\"><span style=\"color: #000000;\"><strong>Sognefjord<\/strong> (Sognefjorden) &#8211; drugi pod wzgl\u0119dem d\u0142ugo\u015bci fiord na \u015bwiecie, najd\u0142u\u017cszy w Norwegii. Znajduje si\u0119 w okr\u0119gu Sogn og Fjordane. Fiord zaczyna si\u0119 oko\u0142o 72 km na p\u00f3\u0142noc od Bergen i ci\u0105gnie si\u0119 203 km w g\u0142\u0105b l\u0105du, a\u017c do wsi Skjolden. Najg\u0142\u0119bszy punkt fiordu znajduje si\u0119 1 308 metr\u00f3w poni\u017cej poziomu morza, a jego szeroko\u015b\u0107 waha si\u0119 od 1,5 do 6 km.<\/span><\/p>\n<p style=\"text-align: justify;\"><span style=\"color: #000000;\"><strong>Sognefjellet<\/strong> &#8211; prze\u0142\u0119cz drogowa na drodze nr 55 \u0142\u0105cz\u0105ca Lustrafjorden z Ottadalen, pofalowana droga<\/span><\/p>\n<p style=\"text-align: justify;\"><span style=\"color: #000000;\"><strong>Lysefjord<\/strong> &#8211; \u201cjasny fiord\u201d o d\u0142ugo\u015bci 42km, ze skalistymi \u015bcianami przekraczaj\u0105cymi 1000m. W zwi\u0105zku z tym, \u017ce zbocza s\u0105 najcz\u0119\u015bciej zbyt strome do jazdy samochodem, g\u0142\u00f3wnym \u015brodkiem komunikacji umo\u017cliwiaj\u0105cym mieszka\u0144com przemieszczanie si\u0119 s\u0105 \u0142odzie. Wyj\u0105tkiem jest niecodzienna &#8211; bardzo kr\u0119ta i stroma (27 ostrych zakr\u0119t\u00f3w), droga prowadz\u0105ca z Lysebotn, kt\u00f3ra pokonuje r\u00f3\u017cnic\u0119 poziom\u00f3w wynosz\u0105c\u0105 oko\u0142o 900 m.<\/span><\/p>\n<p style=\"text-align: justify;\"><span style=\"color: #000000;\"><strong>Preikestolen<\/strong> &#8211; klif w Norwegii o wysoko\u015bci 604 m, po\u0142o\u017cony nad Lysefjordem, Ryfylke. P\u0142aska powierzchnia wierzcho\u0142ka o wymiarach 25 na 25 metr\u00f3w, jest jedn\u0105 z najwi\u0119kszych atrakcji turystycznych tego kraju. Powsta\u0142a najprawdopodobniej ok 10 tysi\u0119cy lat temu w wyniku p\u0119kni\u0119cia ska\u0142 pod wp\u0142ywem mrozu.<\/span><\/p>\n","protected":false},"excerpt":{"rendered":"<p>Skandynawia 2014 Skandynawia 2014 to samotna ekspedycja polegaj\u0105ca na po\u0142\u0105czeniu klasycznej wyprawy rowerowej ze zdobywaniem najwy\u017cszych wzniesie\u0144 i szczyt\u00f3w Bia\u0142orusi, Litwy, \u0141otwy, Estonii, Finlandii, Szwecji, Norwegii oraz Danii. Szczyty nale\u017c\u0105 do Korony Europy Termin wyprawy : czerwiec, lipiec, sierpie\u0144 2014 8000km, 9 kraj\u00f3w, 8 szczyt\u00f3w, Nordkapp Lublin, Warszawa, Mi\u0144sk, Wilno, Tallin, Helsinki, Rovaniemi, Kiruna, Trondheim, [&hellip;]<\/p>\n","protected":false},"author":2,"featured_media":0,"parent":0,"menu_order":0,"comment_status":"closed","ping_status":"closed","template":"","meta":{"footnotes":""},"class_list":["post-8","page","type-page","status-publish","hentry"],"_links":{"self":[{"href":"http:\/\/skandynawia.damiandrobyk.pl\/index.php?rest_route=\/wp\/v2\/pages\/8","targetHints":{"allow":["GET"]}}],"collection":[{"href":"http:\/\/skandynawia.damiandrobyk.pl\/index.php?rest_route=\/wp\/v2\/pages"}],"about":[{"href":"http:\/\/skandynawia.damiandrobyk.pl\/index.php?rest_route=\/wp\/v2\/types\/page"}],"author":[{"embeddable":true,"href":"http:\/\/skandynawia.damiandrobyk.pl\/index.php?rest_route=\/wp\/v2\/users\/2"}],"replies":[{"embeddable":true,"href":"http:\/\/skandynawia.damiandrobyk.pl\/index.php?rest_route=%2Fwp%2Fv2%2Fcomments&post=8"}],"version-history":[{"count":17,"href":"http:\/\/skandynawia.damiandrobyk.pl\/index.php?rest_route=\/wp\/v2\/pages\/8\/revisions"}],"predecessor-version":[{"id":1097,"href":"http:\/\/skandynawia.damiandrobyk.pl\/index.php?rest_route=\/wp\/v2\/pages\/8\/revisions\/1097"}],"wp:attachment":[{"href":"http:\/\/skandynawia.damiandrobyk.pl\/index.php?rest_route=%2Fwp%2Fv2%2Fmedia&parent=8"}],"curies":[{"name":"wp","href":"https:\/\/api.w.org\/{rel}","templated":true}]}}